{"id":119,"date":"2012-08-09T22:08:31","date_gmt":"2012-08-09T20:08:31","guid":{"rendered":"http:\/\/www.politik-museum.de\/blog\/?page_id=119"},"modified":"2021-07-17T09:57:45","modified_gmt":"2021-07-17T07:57:45","slug":"impressum","status":"publish","type":"page","link":"https:\/\/www.political-science-center.de\/?page_id=119","title":{"rendered":"Impressum"},"content":{"rendered":"<p><strong>Political Science Center e.V.<\/strong><br \/>\nInternetauftritte:<br \/>\nwww.political-science-center.de<br \/>\nwww.pscev.de<br \/>\nwww.politik-museum.de<\/p>\n<p>Verantwortlich:<\/p>\n<table style=\"border: 1px solid #ffffff; width: 100%;\" border=\"0\" cellspacing=\"0\" cellpadding=\"0\">\n<tbody>\n<tr>\n<td style=\"border: 1px solid #ffffff; padding: 0px;\"><strong><span style=\"font-size: 1em;\">Timo Gertler<\/span><\/strong><\/td>\n<td style=\"border: 1px solid #ffffff; padding: 0px;\"><strong><span style=\"font-size: 1em;\">Sebastian Ketter<\/span><\/strong><\/td>\n<td style=\"border: 1px solid #ffffff; padding: 0px;\"><strong><span style=\"font-size: 1em;\">Oliver Reinken<\/span><\/strong><\/td>\n<\/tr>\n<tr>\n<td style=\"border: 1px solid #ffffff; padding: 0px;\"><span style=\"font-size: 0.85em;\">Riedbergallee 45<\/span><\/td>\n<td style=\"border: 1px solid #ffffff; padding: 0px;\"><span style=\"font-size: 0.85em;\">Eichendorffring 70<\/span><\/td>\n<td style=\"border: 1px solid #ffffff; padding: 0px;\"><span style=\"font-size: 0.85em;\">Eifelstra\u00dfe 4a<\/span><\/td>\n<\/tr>\n<tr>\n<td style=\"border: 1px solid #ffffff; padding: 0px;\"><span style=\"font-size: 0.85em;\">60438 Frankfurt a.M.<\/span><\/td>\n<td style=\"border: 1px solid #ffffff; padding: 0px;\"><span style=\"font-size: 0.85em;\">35394 Gie\u00dfen<\/span><\/td>\n<td style=\"border: 1px solid #ffffff; padding: 0px;\"><span style=\"font-size: 0.85em;\">53119 Bonn<\/span><\/td>\n<\/tr>\n<tr>\n<td style=\"border: 1px solid #ffffff; padding: 0px;\"><span style=\"font-size: 0.85em;\">0177 9242543<\/span><\/td>\n<td style=\"border: 1px solid #ffffff; padding: 0px;\"><span style=\"font-size: 0.85em;\">0641 4987635<\/span><\/td>\n<td style=\"border: 1px solid #ffffff; padding: 0px;\"><span style=\"font-size: 0.85em;\">0176 44482108<\/span><\/td>\n<\/tr>\n<tr>\n<td style=\"border: 1px solid #ffffff; padding: 0px;\"><span style=\"font-size: 0.85em;\">timo.gertler[at]pscev.de<\/span><\/td>\n<td style=\"border: 1px solid #ffffff; padding: 0px;\"><span style=\"font-size: 0.85em;\">sebastian.ketter[at]pscev.de<\/span><\/td>\n<td style=\"border: 1px solid #ffffff; padding: 0px;\"><span style=\"font-size: 0.85em;\">oliver.reinken[at]pscev.de<\/span><\/td>\n<\/tr>\n<\/tbody>\n<\/table>\n<p>Der gemeinn\u00fctzige Verein <em>Political Science Center e.V.<\/em> ist beim Amtsregister Charlottenburg unter der Nummer VR 32261 B registriert. Er wird vom Finanzamt Gie\u00dfen unter der Steuernummer 20 250 37280 &#8211; <abbr>K08<\/abbr> gef\u00fchrt.<\/p>\n<p><strong>Bankverbindung:<br \/>\n<\/strong>IBAN: <abbr>DE73<\/abbr> 1005 0000 0190 6427 34<br \/> <abbr>BIC<\/abbr>:\u00a0BELADEBEXXX<\/p>\n<p><strong>Haftungsausschluss:<\/strong><\/p>\n<ul>\n<li>Trotz sorgf\u00e4ltiger inhaltlicher Kontrolle \u00fcbernehmen wir keine Haftung f\u00fcr die Inhalte externer Links. F\u00fcr den Inhalt der verlinkten Seiten sind ausschlie\u00dflich deren Betreiber verantwortlich.<\/li>\n<\/ul>\n<p><strong>Urheberrecht:<\/strong><\/p>\n<ul>\n<li>Seperat gekenntzeichnete Inhalte unterliegen dem Eigentumsrecht des jeweiligen Urhebers. Inhalte dieser Internetpr\u00e4senz unterliegen dem Urheberrechtsschutz und d\u00fcrfen nicht ohne Einwilligung weiterverwendet werden. Wir bitten an dieser Stelle um Kontaktaufnahme, falls Interesse besteht unser Material zu verwenden.<\/li>\n<\/ul>\n<p><strong>Datenschutz:<\/strong><\/p>\n<ul>\n<li>Sofern innerhalb dieses Internetangebotes die M\u00f6glichkeit zur Eingabe pers\u00f6nlicher oder gesch\u00e4ftlicher Daten (Emailadressen, Namen, Anschriften) besteht, so erfolgt die Preisgabe dieser Daten seitens des Nutzers auf ausdr\u00fccklich freiwilliger Basis. Ihre pers\u00f6nlichen Daten werden gegen\u00fcber Dritten weder offengelegt, \u00fcberlassen, verkauft noch anderweitig vermarktet. Etwas anderes gilt, wenn eine Offenlegung und \u00dcbermittlung der Daten gesetzlich oder durch gerichtliches Urteil verpflichtend wird.<\/li>\n<li><a href=\"https:\/\/www.political-science-center.de\/?page_id=997\" target=\"_blank\" rel=\"noopener noreferrer\">Hier finden Sie unsere vollst\u00e4ndige Datenschutzerkl\u00e4rung.<\/a><\/li>\n<\/ul>\n<p><strong>Nutzungsbedingungen:<\/strong><\/p>\n<ul>\n<li>Die Betreiber dieses Internetauftritts behalten sich das Recht vor, Eintragungen ohne Angabe von Gr\u00fcnden von der Ver\u00f6ffentlichung auszuschlie\u00dfen.<\/li>\n<li>Obwohl wir die Inhalte sorgf\u00e4ltig pr\u00fcfen, wird f\u00fcr die Korrektheit der Angaben im Rahmen dieses Angebots keine Garantie \u00fcbernommen. Jede Verwendung geschieht auf eigenes Risiko.<\/li>\n<li>Inhalte die gegen geltendes Recht versto\u00dfen d\u00fcrfen auf dieser Plattform nicht ver\u00f6ffentlicht werden.<\/li>\n<\/ul>\n","protected":false},"excerpt":{"rendered":"<p>Political Science Center e.V. Internetauftritte: www.political-science-center.de www.pscev.de www.politik-museum.de Verantwortlich: Timo Gertler Sebastian Ketter Oliver Reinken Riedbergallee 45 Eichendorffring 70 Eifelstra\u00dfe 4a 60438 Frankfurt a.M. 35394 Gie\u00dfen 53119 Bonn 0177 9242543 0641 4987635 0176 44482108 timo.gertler[at]pscev.de sebastian.ketter[at]pscev.de oliver.reinken[at]pscev.de Der gemeinn\u00fctzige Verein Political Science Center e.V. ist beim Amtsregister Charlottenburg unter der Nummer VR 32261 B registriert. Er wird vom Finanzamt Gie\u00dfen unter der Steuernummer 20 250 37280 &#8211; K08 gef\u00fchrt. Bankverbindung: IBAN: DE73 1005 0000 0190 6427 34 BIC:\u00a0BELADEBEXXX Haftungsausschluss: Trotz sorgf\u00e4ltiger inhaltlicher Kontrolle \u00fcbernehmen wir keine Haftung f\u00fcr die Inhalte externer Links. F\u00fcr den Inhalt der verlinkten Seiten sind ausschlie\u00dflich<\/p>\n","protected":false},"author":1,"featured_media":0,"parent":53,"menu_order":0,"comment_status":"closed","ping_status":"closed","template":"","meta":{"footnotes":""},"class_list":["post-119","page","type-page","status-publish","hentry"],"_links":{"self":[{"href":"https:\/\/www.political-science-center.de\/index.php?rest_route=\/wp\/v2\/pages\/119","targetHints":{"allow":["GET"]}}],"collection":[{"href":"https:\/\/www.political-science-center.de\/index.php?rest_route=\/wp\/v2\/pages"}],"about":[{"href":"https:\/\/www.political-science-center.de\/index.php?rest_route=\/wp\/v2\/types\/page"}],"author":[{"embeddable":true,"href":"https:\/\/www.political-science-center.de\/index.php?rest_route=\/wp\/v2\/users\/1"}],"replies":[{"embeddable":true,"href":"https:\/\/www.political-science-center.de\/index.php?rest_route=%2Fwp%2Fv2%2Fcomments&post=119"}],"version-history":[{"count":62,"href":"https:\/\/www.political-science-center.de\/index.php?rest_route=\/wp\/v2\/pages\/119\/revisions"}],"predecessor-version":[{"id":1081,"href":"https:\/\/www.political-science-center.de\/index.php?rest_route=\/wp\/v2\/pages\/119\/revisions\/1081"}],"up":[{"embeddable":true,"href":"https:\/\/www.political-science-center.de\/index.php?rest_route=\/wp\/v2\/pages\/53"}],"wp:attachment":[{"href":"https:\/\/www.political-science-center.de\/index.php?rest_route=%2Fwp%2Fv2%2Fmedia&parent=119"}],"curies":[{"name":"wp","href":"https:\/\/api.w.org\/{rel}","templated":true}]}}