{"id":53,"date":"2012-06-05T01:19:45","date_gmt":"2012-06-04T23:19:45","guid":{"rendered":"http:\/\/www.politik-museum.de\/blog\/?page_id=53"},"modified":"2014-02-24T14:28:22","modified_gmt":"2014-02-24T13:28:22","slug":"uber-diesen-blog","status":"publish","type":"page","link":"https:\/\/www.political-science-center.de\/?page_id=53","title":{"rendered":"\u00dcber uns"},"content":{"rendered":"<p style=\"text-align: justify;\">Wir, die Mitglieder des Political Science Center e.V., verstehen uns als gesellschaftlicher Akteur, dessen Ziel es ist, die Politikverdrossenheit in Deutschland zu bek\u00e4mpfen. Zu diesem Zweck haben wir uns zu einem Verein zusammengeschlossen und wollen auf der Basis des Leitsatzes \u201eDemokratie lebt von Teilhabe\u201c die politische Breitenbildung in der Bev\u00f6lkerung f\u00f6rdern und versuchen politische inaktive B\u00fcrger f\u00fcr Politik zu begeistern.<\/p>\n<p style=\"text-align: justify;\">Politik ist allt\u00e4glich. St\u00e4ndig befinden wir uns in einer Umgebung, die von Politik beeinflusst wird. Wie teuer ist das Wasser, mit dem ich mich morgens Wasche? Warum werden Stra\u00dfen oder Fahrradwege nie saniert? Welche Rechtssicherheit habe ich am Arbeitsplatz und was passiert wenn ich meinen Arbeitsplatz verliere? Unser gesamtes gesellschaftliches Leben, unser Wohlstand ist nicht von Natur aus gegeben, sondern wird vom Menschen gemacht. Wer gestaltet die politischen Rahmenbedingungen und k\u00fcmmert sich um diese und noch andere Fragen?<\/p>\n<p style=\"text-align: justify;\">\u201eAlle Staatsgewalt geht vom Volke aus.\u201c <a class=\"simple-footnote\" title=\"Hei\u00dft es in Art. 20, Abs. II des Grundgesetzes. Dieser Artikel ist von der Ewigkeitsklausel (Art. 79, Art. III GG) gegen grunds\u00e4tzliche Ver\u00e4nderung gesch\u00fctzt.\" id=\"return-note-53-1\" href=\"#note-53-1\"><sup>1<\/sup><\/a><\/p>\n<p style=\"text-align: justify;\">Dieses unver\u00e4nderliche Grundprinzip unseres demokratischen Systems ist der zentrale Ankn\u00fcpfungspunkt unserer Arbeit. Damit das Volk diese Macht auch effektiv nutzen kann, bedarf es aber nicht nur der potentiellen M\u00f6glichkeit zur Partizipation, sondern vielmehr auch des Zugangs zu Informationen und Wissen, um gesellschaftliche und politische Rahmenbedingungen einsch\u00e4tzen zu k\u00f6nnen.<\/p>\n<p style=\"text-align: justify;\">Wissen ist Macht! \u2013 es erm\u00f6glicht erst den Zugang zur politischen Partizipation und zeigt dem Einzelnen die damit verbundenen Chancen zur gesellschaftlichen und demokratischen Teilhabe auf. So erh\u00f6ht Wissen oder Bildung auf der einen Seite die Wahlbeteiligung <a class=\"simple-footnote\" title=\"Vgl. Rudzio, Wolfgang: \u201eDas politische System der Bundesrepublik Deutschland\u201c, 7., aktual. und erw. Aufl., Wiesbaden 2006, S.167.\" id=\"return-note-53-2\" href=\"#note-53-2\"><sup>2<\/sup><\/a> und mindert auf der anderen Seite die Gefahr, dass Demokratie verblasst oder aus ihr eine Tyrannei der Mehrheit wird, in der aufgrund mangelnder Informationen falsche Entscheidungen getroffen werden. Die in den 70er Jahren aufgekommene Bef\u00fcrchtung, dass die Demokratien westlichen Vorbilds in der Krise stecken und schleichend die Unterst\u00fctzung ihrer B\u00fcrger verlieren ist noch immer aktuell.<\/p>\n<p style=\"text-align: justify;\">Das Erlernen demokratischer Prinzipien ist ein fundamental wichtiger Teil des Bildungsauftrages, der insbesondere auch junge Erwachsene erfassen sollte. W\u00e4hrend derzeit viele Menschen des arabischen Raumes elementare demokratische Rechte blutig erstreiten, sinkt hierzulande die Wahlbeteiligung und politische Partizipation <a class=\"simple-footnote\" title=\"Die Wahlbeteiligung ist seit 1998 r\u00fcckl\u00e4ufig. Sie erreichte bei der Bundestagswahl 2009 einen Stand von 70,8% und damit den niedrigsten Wert seit Bestehen der Bundesrepublik Deutschland. Die Mitgliedszahlen in den deutschen Parteien haben sich seit 1990 nahezu halbiert (Vgl. Statistisches Bundesamt(Hrsg.): &#8222;Datenreport 2011 &#8211; Ein Sozialbericht f\u00fcr die Bundesrepublik Deutschland&#8220;, Band I, Bonn 2011, S. 365 &amp; 376).\" id=\"return-note-53-3\" href=\"#note-53-3\"><sup>3<\/sup><\/a> \u2013 ein guter Grund etwas Wissen \u00fcber Demokratie zu vermitteln und damit die Chancen aufzuzeigen und Interesse zu wecken.<\/p>\n<p>Folglich ist es unser Anliegen\u2026<\/p>\n<p>\u2026 das Bewusstsein des einzelnen B\u00fcrgers daf\u00fcr zu sch\u00e4rfen, dass Politik jeden betrifft und es in seinem eigenem Interesse ist, sich mit Politik auseinanderzusetzen,<br \/>\n\u2026 das Verst\u00e4ndnis daf\u00fcr zu schaffen, wie politische Entscheidungen getroffen werden und somit die L\u00fccke zwischen Souver\u00e4n und Repr\u00e4sentant zu verk\u00fcrzen,<br \/>\n\u2026 die Menschen zu ermutigen, selbst aktiv zu werden und von ihren Partizipationsm\u00f6glichkeiten Gebrauch zu machen.<\/p>\n<p style=\"text-align: justify;\">Um dies zu verwirklichen, haben wir im August 2012 das Political Science Center ins Leben gerufen. Wir wollen mit einem Internetblog starten, auf dem wir politische Themen allgemeinverst\u00e4ndlich pr\u00e4sentieren und diskutieren wollen. Mittelfristig arbeiten wir an einer Wanderausstellung zu politischen Themenfeldern, was langfristig zu einer Ortsfesten Ausstellung f\u00fchren soll.<\/p>\n<p style=\"text-align: justify;\">&#8222;Lernen ist Erfahrung. Alles andere ist einfach nur Information.&#8220; <a class=\"simple-footnote\" title=\"Das Zitat wird Albert Einstein zugeschrieben.\" id=\"return-note-53-4\" href=\"#note-53-4\"><sup>4<\/sup><\/a><\/p>\n<p style=\"text-align: justify;\">M\u00f6chte man also eine funktionale demokratische Gesellschaft erhalten, ergibt sich ein Bildungsauftrag, dem man dadurch nachkommen kann, dass man den B\u00fcrgern entsprechende Erfahrungen erm\u00f6glicht. Ein modernes Ausstellungshaus muss kein Museum mit umfangreicher Sammlung beinhalten, sondern kann auch als reines Science Center bestand haben. Im Grundsatz soll Wissenschaft derart zug\u00e4nglich gemacht werden, dass die Besucher selbst in gewisser Weise wissenschaftlich t\u00e4tig werden und durch experimentieren und hautnahes erleben f\u00fcr den Forschungsgegenstand begeistert werden k\u00f6nnen. Jenes Konzept erstreckt sich in den weltweit etwa tausend Science Centern zum gegenw\u00e4rtigen Zeitpunkt fast ausschlie\u00dflich auf naturwissenschaftliche Fachbereiche.<\/p>\n<p style=\"text-align: justify;\">Jene Beschr\u00e4nkung soll mit unserem Projekt aufgehoben werden. Wir wollen den erlebnisorientierten Ansatz des Science Centers f\u00fcr die Politikwissenschaft bzw. die Vermittlung von politischen Sachverhalten fruchtbar machen. Dies geschieht in Form von Themenfeldern und Exponaten, die es den Besuchern erm\u00f6glichen, Politik durch Anschauen, Anfassen und Mitmachen zu erfahren. Abgesehen von konkreten inhaltlichen Angeboten, werden wir Marketingformen zur Erreichung auch politisch desinteressierter Personen evaluieren und somit die Anschlussf\u00e4higkeit eines Science Centers mit dem Thema Politik an unpolitische Besucher herstellen. Den Schl\u00fcssel f\u00fcr die Aktivierung politikferner Besucher sehen wir in einer erlebnisorientierten, spannenden Ausstellung, der es gelingen muss politikwissenschaftliche Inhalte zu vermitteln und letztendlich langfristig Interesse f\u00fcr das Thema wecken. Gerade mit Blick auf die j\u00fcngeren Besucher sollte es das Ziel sein Hemmungen vor dem vermeintlich trockenen Thema Politik abzubauen.<\/p>\n<p style=\"text-align: justify;\">[<a title=\"Selbstdarstellung\" href=\"http:\/\/www.pscev.de\/sharedfolder\/artikel\/selbstdarstellung.pdf\" target=\"_blank\">PDF<\/a>]<\/p>\n________________<br><span style=\"text-indent:3em; margin-left:0em\"><sup>1<\/sup> Hei\u00dft es in Art. 20, Abs. II des Grundgesetzes. Dieser Artikel ist von der Ewigkeitsklausel (Art. 79, Art. <abbr>III<\/abbr> GG) gegen grunds\u00e4tzliche Ver\u00e4nderung gesch\u00fctzt. <a href=\"#return-note-53-1\">&#8617;<\/a><\/span><br><span style=\"text-indent:3em; margin-left:0em\"><sup>2<\/sup> Vgl. Rudzio, Wolfgang: \u201eDas politische System der Bundesrepublik Deutschland\u201c, 7., aktual. und erw. Aufl., Wiesbaden 2006, S.167. <a href=\"#return-note-53-2\">&#8617;<\/a><\/span><br><span style=\"text-indent:3em; margin-left:0em\"><sup>3<\/sup> Die Wahlbeteiligung ist seit 1998 r\u00fcckl\u00e4ufig. Sie erreichte bei der Bundestagswahl 2009 einen Stand von 70,8% und damit den niedrigsten Wert seit Bestehen der Bundesrepublik Deutschland. Die Mitgliedszahlen in den deutschen Parteien haben sich seit 1990 nahezu halbiert (Vgl. Statistisches Bundesamt(Hrsg.): &#8222;Datenreport 2011 &#8211; Ein Sozialbericht f\u00fcr die Bundesrepublik Deutschland&#8220;, Band I, Bonn 2011, S. 365 &amp; 376). <a href=\"#return-note-53-3\">&#8617;<\/a><\/span><br><span style=\"text-indent:3em; margin-left:0em\"><sup>4<\/sup> Das Zitat wird Albert Einstein zugeschrieben. <a href=\"#return-note-53-4\">&#8617;<\/a><\/span>","protected":false},"excerpt":{"rendered":"<p>Wir, die Mitglieder des Political Science Center e.V., verstehen uns als gesellschaftlicher Akteur, dessen Ziel es ist, die Politikverdrossenheit in Deutschland zu bek\u00e4mpfen. Zu diesem Zweck haben wir uns zu einem Verein zusammengeschlossen und wollen auf der Basis des Leitsatzes \u201eDemokratie lebt von Teilhabe\u201c die politische Breitenbildung in der Bev\u00f6lkerung f\u00f6rdern und versuchen politische inaktive B\u00fcrger f\u00fcr Politik zu begeistern. Politik ist allt\u00e4glich. St\u00e4ndig befinden wir uns in einer Umgebung, die von Politik beeinflusst wird. Wie teuer ist das Wasser, mit dem ich mich morgens Wasche? Warum werden Stra\u00dfen oder Fahrradwege nie saniert? Welche Rechtssicherheit habe ich am Arbeitsplatz und<\/p>\n","protected":false},"author":2,"featured_media":0,"parent":0,"menu_order":0,"comment_status":"closed","ping_status":"closed","template":"","meta":{"footnotes":""},"class_list":["post-53","page","type-page","status-publish","hentry"],"_links":{"self":[{"href":"https:\/\/www.political-science-center.de\/index.php?rest_route=\/wp\/v2\/pages\/53","targetHints":{"allow":["GET"]}}],"collection":[{"href":"https:\/\/www.political-science-center.de\/index.php?rest_route=\/wp\/v2\/pages"}],"about":[{"href":"https:\/\/www.political-science-center.de\/index.php?rest_route=\/wp\/v2\/types\/page"}],"author":[{"embeddable":true,"href":"https:\/\/www.political-science-center.de\/index.php?rest_route=\/wp\/v2\/users\/2"}],"replies":[{"embeddable":true,"href":"https:\/\/www.political-science-center.de\/index.php?rest_route=%2Fwp%2Fv2%2Fcomments&post=53"}],"version-history":[{"count":13,"href":"https:\/\/www.political-science-center.de\/index.php?rest_route=\/wp\/v2\/pages\/53\/revisions"}],"predecessor-version":[{"id":675,"href":"https:\/\/www.political-science-center.de\/index.php?rest_route=\/wp\/v2\/pages\/53\/revisions\/675"}],"wp:attachment":[{"href":"https:\/\/www.political-science-center.de\/index.php?rest_route=%2Fwp%2Fv2%2Fmedia&parent=53"}],"curies":[{"name":"wp","href":"https:\/\/api.w.org\/{rel}","templated":true}]}}