{"id":634,"date":"2014-02-23T21:48:29","date_gmt":"2014-02-23T20:48:29","guid":{"rendered":"http:\/\/www.political-science-center.de\/?page_id=634"},"modified":"2014-07-15T11:17:32","modified_gmt":"2014-07-15T09:17:32","slug":"mitglied-werden","status":"publish","type":"page","link":"https:\/\/www.political-science-center.de\/?page_id=634","title":{"rendered":"Mitglied werden"},"content":{"rendered":"<p>Wir freuen uns, dass Sie sich f\u00fcr eine Mitgliedschaft im Political Science Center interessieren.<\/p>\n<p>Hier finden Sie unser <a href=\"http:\/\/www.pscev.de\/files\/PSC-Beitrittsformular.pdf\" target=\"_blank\">Beitrittsformular als <abbr>PDF<\/abbr><\/a> Dokument.<br \/>\nBitte senden Sie dieses ausgef\u00fcllt an:<\/p>\n<p>Political Science Center e.V.<br \/>\nc\/o Oliver Reinken<br \/>\nEifelstra\u00dfe 4a<br \/>\n53119 Bonn<\/p>\n<p>Unsere aktuelle Geb\u00fchrenordnung finden Sie <a title=\"Geb\u00fchrenordnung\" href=\"http:\/\/www.pscev.de\/files\/gebuehrenordnung.pdf\" target=\"_blank\">hier<\/a> im <abbr>PDF<\/abbr>-Format<\/p>\n<p>Bitte f\u00fcgen Sie einen entsprechenden Nachweis f\u00fcr eine Erm\u00e4\u00dfigung direkt dem Beitrittsformular bei oder senden Sie diesen per E-Mail an Oliver.Reinken[at]pscev.de<\/p>\n","protected":false},"excerpt":{"rendered":"<p>Wir freuen uns, dass Sie sich f\u00fcr eine Mitgliedschaft im Political Science Center interessieren. Hier finden Sie unser Beitrittsformular als PDF Dokument. Bitte senden Sie dieses ausgef\u00fcllt an: Political Science Center e.V. c\/o Oliver Reinken Eifelstra\u00dfe 4a 53119 Bonn Unsere aktuelle Geb\u00fchrenordnung finden Sie hier im PDF-Format Bitte f\u00fcgen Sie einen entsprechenden Nachweis f\u00fcr eine Erm\u00e4\u00dfigung direkt dem Beitrittsformular bei oder senden Sie diesen per E-Mail an Oliver.Reinken[at]pscev.de<\/p>\n","protected":false},"author":1,"featured_media":0,"parent":632,"menu_order":0,"comment_status":"closed","ping_status":"closed","template":"","meta":{"footnotes":""},"class_list":["post-634","page","type-page","status-publish","hentry"],"_links":{"self":[{"href":"https:\/\/www.political-science-center.de\/index.php?rest_route=\/wp\/v2\/pages\/634","targetHints":{"allow":["GET"]}}],"collection":[{"href":"https:\/\/www.political-science-center.de\/index.php?rest_route=\/wp\/v2\/pages"}],"about":[{"href":"https:\/\/www.political-science-center.de\/index.php?rest_route=\/wp\/v2\/types\/page"}],"author":[{"embeddable":true,"href":"https:\/\/www.political-science-center.de\/index.php?rest_route=\/wp\/v2\/users\/1"}],"replies":[{"embeddable":true,"href":"https:\/\/www.political-science-center.de\/index.php?rest_route=%2Fwp%2Fv2%2Fcomments&post=634"}],"version-history":[{"count":9,"href":"https:\/\/www.political-science-center.de\/index.php?rest_route=\/wp\/v2\/pages\/634\/revisions"}],"predecessor-version":[{"id":808,"href":"https:\/\/www.political-science-center.de\/index.php?rest_route=\/wp\/v2\/pages\/634\/revisions\/808"}],"up":[{"embeddable":true,"href":"https:\/\/www.political-science-center.de\/index.php?rest_route=\/wp\/v2\/pages\/632"}],"wp:attachment":[{"href":"https:\/\/www.political-science-center.de\/index.php?rest_route=%2Fwp%2Fv2%2Fmedia&parent=634"}],"curies":[{"name":"wp","href":"https:\/\/api.w.org\/{rel}","templated":true}]}}