{"id":636,"date":"2014-02-23T21:31:38","date_gmt":"2014-02-23T20:31:38","guid":{"rendered":"http:\/\/www.political-science-center.de\/?page_id=636"},"modified":"2018-05-21T11:31:07","modified_gmt":"2018-05-21T09:31:07","slug":"spenden","status":"publish","type":"page","link":"https:\/\/www.political-science-center.de\/?page_id=636","title":{"rendered":"Spenden"},"content":{"rendered":"<p><strong>Sie finden unser Anliegen gut und wollen uns unterst\u00fctzen?<\/strong><\/p>\n<p>Prima, wir freuen uns \u00fcber jede Spende!<\/p>\n<p>Das Political Science Center e.V. ist als gemeinn\u00fctziger Verein anerkannt. Daher k\u00f6nnen Sie Spenden im Rahmen der gesetzlichen Bestimmungen von der Steuer absetzen.<\/p>\n<p><strong>Wof\u00fcr?<br \/>\n<\/strong>Leider verursacht auch gemeinn\u00fctzige Arbeit Kosten. Die Unterhaltung dieser Webseite muss ebenso finanziert werden, wie Ausstellungsprojekte. Damit wir einen gr\u00f6\u00dferen Kreis an Adressaten mit unseren Ideen und Projekten erreichen k\u00f6nnen, ben\u00f6tigen wir Ihre Unterst\u00fctzung!<\/p>\n<p style=\"text-align: left;\"><strong>Wie?<\/strong><br \/>\nSie k\u00f6nnen Ihre Spende per \u00dcberweisung t\u00e4tigen.<br \/>\nUnsere <strong>Bankverbindung<\/strong> lautet:<\/p>\n<p>Political Science Center e.V.<br \/> <abbr>IBAN<\/abbr>:\u00a0<abbr>de73<\/abbr>\u00a01005 0000 0190 6427 34<br \/> <abbr>BIC<\/abbr>:\u00a0BELADEBEXXX<\/p>\n<p>Bitte geben Sie als Verwendungszweck &#8222;Spende&#8220; an. Sofern Sie eine Zuwendungsbest\u00e4tigung ben\u00f6tigen au\u00dferdem Ihre Adresse.<\/p>\n<p><strong>Und dann?<\/strong><br \/>\nAb einem Spendenbetrag von 100\u20ac erhalten Sie grunds\u00e4tzlich eine Zuwendungsbescheinigung. F\u00fcr die steuerliche Geltendmachung gen\u00fcgt bei kleineren Betr\u00e4gen auch Ihre \u00dcberweisungsbest\u00e4tigung. Sollten Sie dennoch eine Quittung ben\u00f6tigen, kontaktieren Sie uns bitte, wir stellen Ihnen eine solche gerne aus.<\/p>\n<p><strong>Dauerhafte Unterst\u00fctzung?<br \/>\n<\/strong>Falls Sie uns l\u00e4ngerfristig unterst\u00fctzen wollen oder das Projekt mitgestalten wollen, empfehlen wir Ihnen bei uns Mitglied zu werden!<\/p>\n","protected":false},"excerpt":{"rendered":"<p>Sie finden unser Anliegen gut und wollen uns unterst\u00fctzen? Prima, wir freuen uns \u00fcber jede Spende! Das Political Science Center e.V. ist als gemeinn\u00fctziger Verein anerkannt. Daher k\u00f6nnen Sie Spenden im Rahmen der gesetzlichen Bestimmungen von der Steuer absetzen. Wof\u00fcr? Leider verursacht auch gemeinn\u00fctzige Arbeit Kosten. Die Unterhaltung dieser Webseite muss ebenso finanziert werden, wie Ausstellungsprojekte. Damit wir einen gr\u00f6\u00dferen Kreis an Adressaten mit unseren Ideen und Projekten erreichen k\u00f6nnen, ben\u00f6tigen wir Ihre Unterst\u00fctzung! Wie? Sie k\u00f6nnen Ihre Spende per \u00dcberweisung t\u00e4tigen. Unsere Bankverbindung lautet: Political Science Center e.V. IBAN:\u00a0de73\u00a01005 0000 0190 6427 34 BIC:\u00a0BELADEBEXXX Bitte geben Sie als Verwendungszweck<\/p>\n","protected":false},"author":1,"featured_media":0,"parent":632,"menu_order":0,"comment_status":"closed","ping_status":"closed","template":"","meta":{"footnotes":""},"class_list":["post-636","page","type-page","status-publish","hentry"],"_links":{"self":[{"href":"https:\/\/www.political-science-center.de\/index.php?rest_route=\/wp\/v2\/pages\/636","targetHints":{"allow":["GET"]}}],"collection":[{"href":"https:\/\/www.political-science-center.de\/index.php?rest_route=\/wp\/v2\/pages"}],"about":[{"href":"https:\/\/www.political-science-center.de\/index.php?rest_route=\/wp\/v2\/types\/page"}],"author":[{"embeddable":true,"href":"https:\/\/www.political-science-center.de\/index.php?rest_route=\/wp\/v2\/users\/1"}],"replies":[{"embeddable":true,"href":"https:\/\/www.political-science-center.de\/index.php?rest_route=%2Fwp%2Fv2%2Fcomments&post=636"}],"version-history":[{"count":31,"href":"https:\/\/www.political-science-center.de\/index.php?rest_route=\/wp\/v2\/pages\/636\/revisions"}],"predecessor-version":[{"id":996,"href":"https:\/\/www.political-science-center.de\/index.php?rest_route=\/wp\/v2\/pages\/636\/revisions\/996"}],"up":[{"embeddable":true,"href":"https:\/\/www.political-science-center.de\/index.php?rest_route=\/wp\/v2\/pages\/632"}],"wp:attachment":[{"href":"https:\/\/www.political-science-center.de\/index.php?rest_route=%2Fwp%2Fv2%2Fmedia&parent=636"}],"curies":[{"name":"wp","href":"https:\/\/api.w.org\/{rel}","templated":true}]}}